{"id":8,"date":"2021-06-10T17:57:37","date_gmt":"2021-06-10T15:57:37","guid":{"rendered":"https:\/\/berangere.malon-bourgeois.fr\/?page_id=8"},"modified":"2021-09-03T15:47:15","modified_gmt":"2021-09-03T13:47:15","slug":"home","status":"publish","type":"page","link":"https:\/\/berangere.malon-bourgeois.fr\/","title":{"rendered":"Home"},"content":{"rendered":"<div class=\"wpb-content-wrapper\"><div      class=\"vc_row wpb_row section vc_row-fluid \" style=' text-align:left;'><div class=\" full_section_inner clearfix\"><div class=\"wpb_column vc_column_container vc_col-sm-12\"><div class=\"vc_column-inner\"><div class=\"wpb_wrapper\">\n\t\t\t<!-- START Slider 1 REVOLUTION SLIDER 6.6.18 --><p class=\"rs-p-wp-fix\"><\/p>\n\t\t\t<rs-module-wrap id=\"rev_slider_5_1_wrapper\" data-source=\"gallery\" style=\"visibility:hidden;background:transparent;padding:0;margin:0px auto;margin-top:0;margin-bottom:0;\">\n\t\t\t\t<rs-module id=\"rev_slider_5_1\" style=\"\" data-version=\"6.6.18\">\n\t\t\t\t\t<rs-slides style=\"overflow: hidden; position: absolute;\">\n\t\t\t\t\t\t<rs-slide style=\"position: absolute;\" data-key=\"rs-5\" data-title=\"Slide\" data-anim=\"adpr:false;\" data-in=\"o:0;\" data-out=\"a:false;\">\n\t\t\t\t\t\t\t<img decoding=\"async\" src=\"\/\/berangere.malon-bourgeois.fr\/wp-content\/plugins\/revslider\/public\/assets\/assets\/dummy.png\" alt=\"Slide\" title=\"Home\" class=\"rev-slidebg tp-rs-img rs-lazyload\" data-lazyload=\"\/\/berangere.malon-bourgeois.fr\/wp-content\/plugins\/revslider\/public\/assets\/assets\/transparent.png\" data-parallax=\"off\" data-no-retina>\n<!--\n\t\t\t\t\t\t\t--><rs-layer\n\t\t\t\t\t\t\t\tid=\"slider-5-slide-5-layer-0\" \n\t\t\t\t\t\t\t\tclass=\"rs-pxl-5\"\n\t\t\t\t\t\t\t\tdata-type=\"image\"\n\t\t\t\t\t\t\t\tdata-rsp_ch=\"on\"\n\t\t\t\t\t\t\t\tdata-xy=\"x:l,l,c,c;xo:-5px,19px,-8px,-7px;y:m;yo:-1px,4px,-254px,-156px;\"\n\t\t\t\t\t\t\t\tdata-text=\"w:normal;s:20,16,12,7;l:0,20,15,9;\"\n\t\t\t\t\t\t\t\tdata-dim=\"w:600px,500px,500px,308px;h:219px,183px,183px,112px;\"\n\t\t\t\t\t\t\t\tdata-blendmode=\"multiply\"\n\t\t\t\t\t\t\t\tdata-layeronlimit=\"on\"\n\t\t\t\t\t\t\t\tdata-frame_0=\"rX:70deg;oZ:-50;\"\n\t\t\t\t\t\t\t\tdata-frame_1=\"oZ:-50;e:power4.inOut;sp:1750;\"\n\t\t\t\t\t\t\t\tdata-frame_999=\"o:0;st:w;sR:7250;\"\n\t\t\t\t\t\t\t\tstyle=\"z-index:8;\"\n\t\t\t\t\t\t\t><img decoding=\"async\" src=\"\/\/berangere.malon-bourgeois.fr\/wp-content\/plugins\/revslider\/public\/assets\/assets\/dummy.png\" alt=\"\" class=\"tp-rs-img rs-lazyload\" width=\"1000\" height=\"365\" data-lazyload=\"\/\/berangere.malon-bourgeois.fr\/wp-content\/uploads\/2021\/06\/BMB-Z3-1.png\" data-no-retina> \n\t\t\t\t\t\t\t<\/rs-layer><!--\n\n\t\t\t\t\t\t\t--><rs-layer\n\t\t\t\t\t\t\t\tid=\"slider-5-slide-5-layer-1\" \n\t\t\t\t\t\t\t\tclass=\"rs-pxl-2\"\n\t\t\t\t\t\t\t\tdata-type=\"image\"\n\t\t\t\t\t\t\t\tdata-rsp_ch=\"on\"\n\t\t\t\t\t\t\t\tdata-xy=\"x:l,l,c,c;xo:11px,29px,1px,0;y:m;yo:0,2px,-254px,-156px;\"\n\t\t\t\t\t\t\t\tdata-text=\"w:normal;s:20,16,12,7;l:0,20,15,9;\"\n\t\t\t\t\t\t\t\tdata-dim=\"w:600px,500px,500px,308px;h:219px,183px,183px,112px;\"\n\t\t\t\t\t\t\t\tdata-frame_0=\"rX:70deg;oZ:-50;\"\n\t\t\t\t\t\t\t\tdata-frame_1=\"oZ:-50;e:power4.inOut;st:490;sp:1750;sR:490;\"\n\t\t\t\t\t\t\t\tdata-frame_999=\"o:0;st:w;sR:6760;\"\n\t\t\t\t\t\t\t\tstyle=\"z-index:9;\"\n\t\t\t\t\t\t\t><img decoding=\"async\" src=\"\/\/berangere.malon-bourgeois.fr\/wp-content\/plugins\/revslider\/public\/assets\/assets\/dummy.png\" alt=\"\" class=\"tp-rs-img rs-lazyload\" width=\"1000\" height=\"365\" data-lazyload=\"\/\/berangere.malon-bourgeois.fr\/wp-content\/uploads\/2021\/06\/BMB-Z2.png\" data-no-retina> \n\t\t\t\t\t\t\t<\/rs-layer><!--\n\n\t\t\t\t\t\t\t--><rs-layer\n\t\t\t\t\t\t\t\tid=\"slider-5-slide-5-layer-2\" \n\t\t\t\t\t\t\t\tclass=\"rs-pxl-1\"\n\t\t\t\t\t\t\t\tdata-type=\"image\"\n\t\t\t\t\t\t\t\tdata-rsp_ch=\"on\"\n\t\t\t\t\t\t\t\tdata-xy=\"x:l,l,c,c;xo:28px,40px,13px,8px;y:m;yo:-10px,-6px,-260px,-160px;\"\n\t\t\t\t\t\t\t\tdata-text=\"w:normal;s:20,16,12,7;l:0,20,15,9;\"\n\t\t\t\t\t\t\t\tdata-dim=\"w:600px,500px,500px,308px;h:219px,183px,183px,112px;\"\n\t\t\t\t\t\t\t\tdata-frame_0=\"rX:70deg;oZ:-50;\"\n\t\t\t\t\t\t\t\tdata-frame_1=\"oZ:-50;e:power4.inOut;st:940;sp:1750;sR:940;\"\n\t\t\t\t\t\t\t\tdata-frame_999=\"o:0;st:w;sR:6310;\"\n\t\t\t\t\t\t\t\tstyle=\"z-index:10;\"\n\t\t\t\t\t\t\t><img decoding=\"async\" src=\"\/\/berangere.malon-bourgeois.fr\/wp-content\/plugins\/revslider\/public\/assets\/assets\/dummy.png\" alt=\"\" class=\"tp-rs-img rs-lazyload\" width=\"1000\" height=\"365\" data-lazyload=\"\/\/berangere.malon-bourgeois.fr\/wp-content\/uploads\/2021\/06\/BMB-Z1.png\" data-no-retina> \n\t\t\t\t\t\t\t<\/rs-layer><!--\n\n\t\t\t\t\t\t\t--><p\n\t\t\t\t\t\t\t\tid=\"slider-5-slide-5-layer-3\" \n\t\t\t\t\t\t\t\tclass=\"rs-layer\"\n\t\t\t\t\t\t\t\tdata-type=\"text\"\n\t\t\t\t\t\t\t\tdata-color=\"#0762d7\"\n\t\t\t\t\t\t\t\tdata-rsp_ch=\"on\"\n\t\t\t\t\t\t\t\tdata-xy=\"xo:710px,569px,152px,88px;y:m;yo:-169px,-154px,-65px,-50px;\"\n\t\t\t\t\t\t\t\tdata-text=\"w:nowrap;s:32,25,22,19;l:39,32,24,14;a:inherit;\"\n\t\t\t\t\t\t\t\tdata-dim=\"w:528px,436px,316px,277px;h:50px,41px,52px,32px;\"\n\t\t\t\t\t\t\t\tdata-frame_0=\"x:100%;\"\n\t\t\t\t\t\t\t\tdata-frame_0_mask=\"u:t;\"\n\t\t\t\t\t\t\t\tdata-frame_1=\"x:1px,0px,0px,0px;st:2090;sp:1190;sR:2090;\"\n\t\t\t\t\t\t\t\tdata-frame_1_mask=\"u:t;\"\n\t\t\t\t\t\t\t\tdata-frame_999=\"o:0;st:w;sR:5720;\"\n\t\t\t\t\t\t\t\tstyle=\"z-index:13;font-family:'Poppins';\"\n\t\t\t\t\t\t\t>Bonjour, je suis B\u00e9rang\u00e8re, \n\t\t\t\t\t\t\t<\/p><!--\n\n\t\t\t\t\t\t\t--><h1\n\t\t\t\t\t\t\t\tid=\"slider-5-slide-5-layer-5\" \n\t\t\t\t\t\t\t\tclass=\"rs-layer\"\n\t\t\t\t\t\t\t\tdata-type=\"text\"\n\t\t\t\t\t\t\t\tdata-color=\"#0762d7\"\n\t\t\t\t\t\t\t\tdata-rsp_ch=\"on\"\n\t\t\t\t\t\t\t\tdata-xy=\"x:l,l,c,c;xo:710px,568px,60px,40px;yo:303px,256px,428px,326px;\"\n\t\t\t\t\t\t\t\tdata-text=\"w:normal;s:54,35,35,25;l:60,49,39,24;fw:600;\"\n\t\t\t\t\t\t\t\tdata-dim=\"w:529px,466px,594px,389px;h:151px,175px,104px,40px;\"\n\t\t\t\t\t\t\t\tdata-frame_0=\"y:100%;\"\n\t\t\t\t\t\t\t\tdata-frame_0_mask=\"u:t;\"\n\t\t\t\t\t\t\t\tdata-frame_1=\"st:2390;sp:1200;sR:2390;\"\n\t\t\t\t\t\t\t\tdata-frame_1_mask=\"u:t;\"\n\t\t\t\t\t\t\t\tdata-frame_999=\"o:0;st:w;sR:5410;\"\n\t\t\t\t\t\t\t\tstyle=\"z-index:12;font-family:'Poppins';\"\n\t\t\t\t\t\t\t>Graphiste, Webdesigneuse. \n\t\t\t\t\t\t\t<\/h1><!--\n\n\t\t\t\t\t\t\t--><rs-layer\n\t\t\t\t\t\t\t\tid=\"slider-5-slide-5-layer-6\" \n\t\t\t\t\t\t\t\tdata-type=\"text\"\n\t\t\t\t\t\t\t\tdata-color=\"#0762d7\"\n\t\t\t\t\t\t\t\tdata-rsp_ch=\"on\"\n\t\t\t\t\t\t\t\tdata-xy=\"xo:714px,568px,149px,86px;yo:469px,377px,494px,371px;\"\n\t\t\t\t\t\t\t\tdata-text=\"w:normal;s:20,20,19,17;l:30,26,24,22;\"\n\t\t\t\t\t\t\t\tdata-dim=\"w:474px,448px,484px,351px;h:307px,230px,200px,196px;\"\n\t\t\t\t\t\t\t\tdata-frame_0=\"x:175%;o:1;\"\n\t\t\t\t\t\t\t\tdata-frame_0_mask=\"u:t;x:-100%;\"\n\t\t\t\t\t\t\t\tdata-frame_1=\"e:power3.out;st:3340;sp:1000;sR:3340;\"\n\t\t\t\t\t\t\t\tdata-frame_1_mask=\"u:t;\"\n\t\t\t\t\t\t\t\tdata-frame_999=\"o:0;st:w;sR:4660;\"\n\t\t\t\t\t\t\t\tstyle=\"z-index:11;font-family:'Poppins';\"\n\t\t\t\t\t\t\t>Cr\u00e9atrice, conceptrice et r\u00e9alisatrice de contenus visuels sur supports imprim\u00e9s et digitaux, de sites web et de vid\u00e9os motion design. Venez naviguer, scroller et cliquer  sur ce site pour d\u00e9couvrir mon univers et mes r\u00e9alisations.<br \/>\n<br \/>\nBonne visite ! \n\t\t\t\t\t\t\t<\/rs-layer><!--\n-->\t\t\t\t\t\t<\/rs-slide>\n\t\t\t\t\t<\/rs-slides>\n\t\t\t\t<\/rs-module>\n\t\t\t\t<script>\n\t\t\t\t\tsetREVStartSize({c: 'rev_slider_5_1',rl:[1240,1024,778,480],el:[900,768,960,720],gw:[1240,1024,778,480],gh:[900,768,960,720],type:'hero',justify:'',layout:'fullwidth',mh:\"0\"});if (window.RS_MODULES!==undefined && window.RS_MODULES.modules!==undefined && window.RS_MODULES.modules[\"revslider51\"]!==undefined) {window.RS_MODULES.modules[\"revslider51\"].once = false;window.revapi5 = undefined;if (window.RS_MODULES.checkMinimal!==undefined) window.RS_MODULES.checkMinimal()}\n\t\t\t\t<\/script>\n\t\t\t<\/rs-module-wrap>\n\t\t\t<!-- END REVOLUTION SLIDER -->\n<\/div><\/div><\/div><\/div><\/div><div      class=\"vc_row wpb_row section vc_row-fluid  vc_custom_1629902853341\" style=' text-align:left;'><div class=\" full_section_inner clearfix\"><div class=\"wpb_column vc_column_container vc_col-sm-12\"><div class=\"vc_column-inner\"><div class=\"wpb_wrapper\"><div class=\"vc_empty_space\"  style=\"height: 100px\" >\n\t<span class=\"vc_empty_space_inner\">\n\t\t<span class=\"empty_space_image\"  ><\/span>\n\t<\/span>\n<\/div><div      class=\"vc_row wpb_row section vc_row-fluid vc_inner  grid_section\" style=' text-align:left;'><div class=\" section_inner clearfix\"><div class='section_inner_margin clearfix'><div class=\"wpb_column vc_column_container vc_col-sm-4\"><div class=\"vc_column-inner\"><div class=\"wpb_wrapper\"><div class=\"vc_empty_space\"  style=\"height: 50px\" >\n\t<span class=\"vc_empty_space_inner\">\n\t\t<span class=\"empty_space_image\"  ><\/span>\n\t<\/span>\n<\/div>\n\t<div class=\"wpb_single_image wpb_content_element vc_align_center\">\n\t\t<div class=\"wpb_wrapper\">\n\t\t\t\n\t\t\t<div class=\"vc_single_image-wrapper   vc_box_border_grey\"><img loading=\"lazy\" decoding=\"async\" width=\"100\" height=\"85\" src=\"https:\/\/berangere.malon-bourgeois.fr\/wp-content\/uploads\/2021\/08\/logo-web.png\" class=\"vc_single_image-img attachment-full\" alt=\"\" title=\"logo-web\" srcset=\"https:\/\/berangere.malon-bourgeois.fr\/wp-content\/uploads\/2021\/08\/logo-web.png 100w, https:\/\/berangere.malon-bourgeois.fr\/wp-content\/uploads\/2021\/08\/logo-web-14x12.png 14w\" sizes=\"auto, (max-width: 100px) 100vw, 100px\" \/><\/div>\n\t\t<\/div>\n\t<\/div>\n<div class=\"vc_empty_space\"  style=\"height: 25px\" >\n\t<span class=\"vc_empty_space_inner\">\n\t\t<span class=\"empty_space_image\"  ><\/span>\n\t<\/span>\n<\/div>\n\t<div class=\"wpb_text_column wpb_content_element \">\n\t\t<div class=\"wpb_wrapper\">\n\t\t\t<h3 style=\"text-align: center;\"><span style=\"color: #fbfcf7;\">Cr\u00e9ation de site web<\/span><\/h3>\n<h3 style=\"text-align: center;\"><span style=\"color: #fbfcf7;\">et emailing<\/span><\/h3>\n\n\t\t<\/div>\n\t<\/div><div class=\"separator  small center  \" style=\"background-color: #fdc2d6;height: 3px;width: 10pxpx;\"><\/div><div class=\"vc_empty_space\"  style=\"height: 5px\" >\n\t<span class=\"vc_empty_space_inner\">\n\t\t<span class=\"empty_space_image\"  ><\/span>\n\t<\/span>\n<\/div>\n\t<div class=\"wpb_text_column wpb_content_element \">\n\t\t<div class=\"wpb_wrapper\">\n\t\t\t<p style=\"text-align: center;\"><span style=\"color: #ffffff;\">Ergonomie, Int\u00e9gration, adaptation responsive, mise en ligne et optimisation r\u00e9f\u00e9rencement SEO.<\/span><\/p>\n\n\t\t<\/div>\n\t<\/div><\/div><\/div><\/div><div class=\"wpb_column vc_column_container vc_col-sm-4\"><div class=\"vc_column-inner\"><div class=\"wpb_wrapper\"><div class=\"vc_empty_space\"  style=\"height: 50px\" >\n\t<span class=\"vc_empty_space_inner\">\n\t\t<span class=\"empty_space_image\"  ><\/span>\n\t<\/span>\n<\/div>\n\t<div class=\"wpb_single_image wpb_content_element vc_align_center\">\n\t\t<div class=\"wpb_wrapper\">\n\t\t\t\n\t\t\t<div class=\"vc_single_image-wrapper   vc_box_border_grey\"><img loading=\"lazy\" decoding=\"async\" width=\"102\" height=\"85\" src=\"https:\/\/berangere.malon-bourgeois.fr\/wp-content\/uploads\/2021\/08\/logo-graphisme.png\" class=\"vc_single_image-img attachment-full\" alt=\"\" title=\"logo-graphisme\" srcset=\"https:\/\/berangere.malon-bourgeois.fr\/wp-content\/uploads\/2021\/08\/logo-graphisme.png 102w, https:\/\/berangere.malon-bourgeois.fr\/wp-content\/uploads\/2021\/08\/logo-graphisme-14x12.png 14w\" sizes=\"auto, (max-width: 102px) 100vw, 102px\" \/><\/div>\n\t\t<\/div>\n\t<\/div>\n<div class=\"vc_empty_space\"  style=\"height: 25px\" >\n\t<span class=\"vc_empty_space_inner\">\n\t\t<span class=\"empty_space_image\"  ><\/span>\n\t<\/span>\n<\/div>\n\t<div class=\"wpb_text_column wpb_content_element \">\n\t\t<div class=\"wpb_wrapper\">\n\t\t\t<h3 style=\"text-align: center;\"><span style=\"color: #fbfcf7;\">Conception<\/span><\/h3>\n<h3 style=\"text-align: center;\"><span style=\"color: #fbfcf7;\">graphique<br \/>\n<\/span><\/h3>\n\n\t\t<\/div>\n\t<\/div><div class=\"separator  small center  \" style=\"background-color: #ff4a1f;height: 3px;width: 10pxpx;\"><\/div><div class=\"vc_empty_space\"  style=\"height: 5px\" >\n\t<span class=\"vc_empty_space_inner\">\n\t\t<span class=\"empty_space_image\"  ><\/span>\n\t<\/span>\n<\/div>\n\t<div class=\"wpb_text_column wpb_content_element \">\n\t\t<div class=\"wpb_wrapper\">\n\t\t\t<p style=\"text-align: center;\"><span style=\"color: #ffffff;\">Cr\u00e9ation et d\u00e9clinaison des \u00e9l\u00e9ments graphiques pour support imprim\u00e9s et digitaux.<\/span><\/p>\n\n\t\t<\/div>\n\t<\/div><\/div><\/div><\/div><div class=\"wpb_column vc_column_container vc_col-sm-4\"><div class=\"vc_column-inner\"><div class=\"wpb_wrapper\"><div class=\"vc_empty_space\"  style=\"height: 50px\" >\n\t<span class=\"vc_empty_space_inner\">\n\t\t<span class=\"empty_space_image\"  ><\/span>\n\t<\/span>\n<\/div>\n\t<div class=\"wpb_single_image wpb_content_element vc_align_center\">\n\t\t<div class=\"wpb_wrapper\">\n\t\t\t\n\t\t\t<div class=\"vc_single_image-wrapper   vc_box_border_grey\"><img loading=\"lazy\" decoding=\"async\" width=\"107\" height=\"85\" src=\"https:\/\/berangere.malon-bourgeois.fr\/wp-content\/uploads\/2021\/08\/logo-video.png\" class=\"vc_single_image-img attachment-full\" alt=\"\" title=\"logo-video\" srcset=\"https:\/\/berangere.malon-bourgeois.fr\/wp-content\/uploads\/2021\/08\/logo-video.png 107w, https:\/\/berangere.malon-bourgeois.fr\/wp-content\/uploads\/2021\/08\/logo-video-15x12.png 15w\" sizes=\"auto, (max-width: 107px) 100vw, 107px\" \/><\/div>\n\t\t<\/div>\n\t<\/div>\n<div class=\"vc_empty_space\"  style=\"height: 25px\" >\n\t<span class=\"vc_empty_space_inner\">\n\t\t<span class=\"empty_space_image\"  ><\/span>\n\t<\/span>\n<\/div>\n\t<div class=\"wpb_text_column wpb_content_element \">\n\t\t<div class=\"wpb_wrapper\">\n\t\t\t<h3 style=\"text-align: center;\"><span style=\"color: #fbfcf7;\">R\u00e9alisation<\/span><\/h3>\n<h3 style=\"text-align: center;\"><span style=\"color: #fbfcf7;\">de vid\u00e9os<br \/>\n<\/span><\/h3>\n\n\t\t<\/div>\n\t<\/div><div class=\"separator  small center  \" style=\"background-color: #ffd113;height: 3px;width: 10pxpx;\"><\/div><div class=\"vc_empty_space\"  style=\"height: 5px\" >\n\t<span class=\"vc_empty_space_inner\">\n\t\t<span class=\"empty_space_image\"  ><\/span>\n\t<\/span>\n<\/div>\n\t<div class=\"wpb_text_column wpb_content_element \">\n\t\t<div class=\"wpb_wrapper\">\n\t\t\t<p style=\"text-align: center;\"><span style=\"color: #ffffff;\">Conception, r\u00e9alisation, tournage <\/span><\/p>\n<p style=\"text-align: center;\"><span style=\"color: #ffffff;\">et montage de vid\u00e9o et de motion <\/span><\/p>\n<p style=\"text-align: center;\"><span style=\"color: #ffffff;\">design<\/span><\/p>\n\n\t\t<\/div>\n\t<\/div><\/div><\/div><\/div><\/div><\/div><\/div><div class=\"vc_empty_space\"  style=\"height: 150px\" >\n\t<span class=\"vc_empty_space_inner\">\n\t\t<span class=\"empty_space_image\"  ><\/span>\n\t<\/span>\n<\/div><\/div><\/div><\/div><\/div><\/div><div      class=\"vc_row wpb_row section vc_row-fluid  grid_section\" style=' text-align:center;'><div class=\" section_inner clearfix\"><div class='section_inner_margin clearfix'><div class=\"wpb_column vc_column_container vc_col-sm-12\"><div class=\"vc_column-inner\"><div class=\"wpb_wrapper\"><div class=\"vc_empty_space\"  style=\"height: 150px\" >\n\t<span class=\"vc_empty_space_inner\">\n\t\t<span class=\"empty_space_image\"  ><\/span>\n\t<\/span>\n<\/div>\n\t<div class=\"wpb_text_column wpb_content_element \">\n\t\t<div class=\"wpb_wrapper\">\n\t\t\t<h2 style=\"text-align: center;\">Derniers projets<\/h2>\n\n\t\t<\/div>\n\t<\/div><div class=\"separator  small center  \" style=\"background-color: #0762d7;height: 3px;width: 10pxpx;\"><\/div><div class=\"vc_empty_space\"  style=\"height: 32px\" >\n\t<span class=\"vc_empty_space_inner\">\n\t\t<span class=\"empty_space_image\"  ><\/span>\n\t<\/span>\n<\/div><div class='projects_holder_outer v3 portfolio_with_space portfolio_standard'>\n        <div class='projects_holder portfolio_main_holder clearfix v3 standard portfolio_full_image '>\n        \n        <article class='mix portfolio_category_6 portfolio_category_3 default' style=''>\n    \n    \n    \n    \n            <div class=\"item_holder thin_plus_only\">\n\n                    <div class=\"text_holder\">\n        <div class=\"text_holder_outer\">\n            <div class=\"text_holder_inner\">\n                            <span class=\"thin_plus_only_icon\">+<\/span>\n                        <\/div>\n        <\/div>\n    <\/div>\n\n                                    <a itemprop=\"url\" class=\"portfolio_link_class\" title=\"March\u00e9 de No\u00ebl 2023 et 2022\" href=\"https:\/\/berangere.malon-bourgeois.fr\/index.php\/portfolio_page\/marche-de-noel-rlp\/\"><\/a>\n                \n                <div style=\"\" class=\"portfolio_shader\"><\/div>\n                <div class=\"image_holder\">\n                    \n<span class='image'><img loading=\"lazy\" decoding=\"async\" width=\"416\" height=\"416\" src=\"https:\/\/berangere.malon-bourgeois.fr\/wp-content\/uploads\/2022\/12\/Couv-portfolio8mdn.png\" class=\"attachment-full size-full wp-post-image\" alt=\"\" srcset=\"https:\/\/berangere.malon-bourgeois.fr\/wp-content\/uploads\/2022\/12\/Couv-portfolio8mdn.png 416w, https:\/\/berangere.malon-bourgeois.fr\/wp-content\/uploads\/2022\/12\/Couv-portfolio8mdn-300x300.png 300w, https:\/\/berangere.malon-bourgeois.fr\/wp-content\/uploads\/2022\/12\/Couv-portfolio8mdn-150x150.png 150w, https:\/\/berangere.malon-bourgeois.fr\/wp-content\/uploads\/2022\/12\/Couv-portfolio8mdn-12x12.png 12w\" sizes=\"auto, (max-width: 416px) 100vw, 416px\" \/><\/span>                <\/div>\n            <\/div>\n\n                <div class='portfolio_description ' >\n\n        \n    <h5 itemprop=\"name\" class=\"portfolio_title entry_title\"><a itemprop=\"url\" href=\"https:\/\/berangere.malon-bourgeois.fr\/index.php\/portfolio_page\/marche-de-noel-rlp\/\"  target=\"_self\"> March\u00e9 de No\u00ebl 2023 et 2022<\/a><\/h5>\n\n\n        \n            <span class=\"project_category\"  >\n    Events, Graphismes    <\/span>\n\n    <\/div>\n\n        \n<\/article>\n<article class='mix portfolio_category_3 default' style=''>\n    \n    \n    \n    \n            <div class=\"item_holder thin_plus_only\">\n\n                    <div class=\"text_holder\">\n        <div class=\"text_holder_outer\">\n            <div class=\"text_holder_inner\">\n                            <span class=\"thin_plus_only_icon\">+<\/span>\n                        <\/div>\n        <\/div>\n    <\/div>\n\n                                    <a itemprop=\"url\" class=\"portfolio_link_class\" title=\"Affiche R\u00e9tro\" href=\"https:\/\/berangere.malon-bourgeois.fr\/index.php\/portfolio_page\/affiche-retro\/\"><\/a>\n                \n                <div style=\"\" class=\"portfolio_shader\"><\/div>\n                <div class=\"image_holder\">\n                    \n<span class='image'><img loading=\"lazy\" decoding=\"async\" width=\"416\" height=\"416\" src=\"https:\/\/berangere.malon-bourgeois.fr\/wp-content\/uploads\/2023\/12\/Couv-portfolio-Rillieux-retro.png\" class=\"attachment-full size-full wp-post-image\" alt=\"\" srcset=\"https:\/\/berangere.malon-bourgeois.fr\/wp-content\/uploads\/2023\/12\/Couv-portfolio-Rillieux-retro.png 416w, https:\/\/berangere.malon-bourgeois.fr\/wp-content\/uploads\/2023\/12\/Couv-portfolio-Rillieux-retro-300x300.png 300w, https:\/\/berangere.malon-bourgeois.fr\/wp-content\/uploads\/2023\/12\/Couv-portfolio-Rillieux-retro-150x150.png 150w, https:\/\/berangere.malon-bourgeois.fr\/wp-content\/uploads\/2023\/12\/Couv-portfolio-Rillieux-retro-12x12.png 12w\" sizes=\"auto, (max-width: 416px) 100vw, 416px\" \/><\/span>                <\/div>\n            <\/div>\n\n                <div class='portfolio_description ' >\n\n        \n    <h5 itemprop=\"name\" class=\"portfolio_title entry_title\"><a itemprop=\"url\" href=\"https:\/\/berangere.malon-bourgeois.fr\/index.php\/portfolio_page\/affiche-retro\/\"  target=\"_self\"> Affiche R\u00e9tro<\/a><\/h5>\n\n\n        \n            <span class=\"project_category\"  >\n    Graphismes    <\/span>\n\n    <\/div>\n\n        \n<\/article>\n<article class='mix portfolio_category_3 default' style=''>\n    \n    \n    \n    \n            <div class=\"item_holder thin_plus_only\">\n\n                    <div class=\"text_holder\">\n        <div class=\"text_holder_outer\">\n            <div class=\"text_holder_inner\">\n                            <span class=\"thin_plus_only_icon\">+<\/span>\n                        <\/div>\n        <\/div>\n    <\/div>\n\n                                    <a itemprop=\"url\" class=\"portfolio_link_class\" title=\"Coupons sport &#038; culture\" href=\"https:\/\/berangere.malon-bourgeois.fr\/index.php\/portfolio_page\/coupons-sport-culture\/\"><\/a>\n                \n                <div style=\"\" class=\"portfolio_shader\"><\/div>\n                <div class=\"image_holder\">\n                    \n<span class='image'><img loading=\"lazy\" decoding=\"async\" width=\"416\" height=\"416\" src=\"https:\/\/berangere.malon-bourgeois.fr\/wp-content\/uploads\/2022\/07\/Couv-portfolio-CSC-2023.png\" class=\"attachment-full size-full wp-post-image\" alt=\"\" srcset=\"https:\/\/berangere.malon-bourgeois.fr\/wp-content\/uploads\/2022\/07\/Couv-portfolio-CSC-2023.png 416w, https:\/\/berangere.malon-bourgeois.fr\/wp-content\/uploads\/2022\/07\/Couv-portfolio-CSC-2023-300x300.png 300w, https:\/\/berangere.malon-bourgeois.fr\/wp-content\/uploads\/2022\/07\/Couv-portfolio-CSC-2023-150x150.png 150w, https:\/\/berangere.malon-bourgeois.fr\/wp-content\/uploads\/2022\/07\/Couv-portfolio-CSC-2023-12x12.png 12w\" sizes=\"auto, (max-width: 416px) 100vw, 416px\" \/><\/span>                <\/div>\n            <\/div>\n\n                <div class='portfolio_description ' >\n\n        \n    <h5 itemprop=\"name\" class=\"portfolio_title entry_title\"><a itemprop=\"url\" href=\"https:\/\/berangere.malon-bourgeois.fr\/index.php\/portfolio_page\/coupons-sport-culture\/\"  target=\"_self\"> Coupons sport &#038; culture<\/a><\/h5>\n\n\n        \n            <span class=\"project_category\"  >\n    Graphismes    <\/span>\n\n    <\/div>\n\n        \n<\/article>\n        <div class='filler'><\/div>\n            <div class='filler'><\/div>\n            <div class='filler'><\/div>\n        <\/div>\n\n    \n    <\/div><a  itemprop=\"url\" href=\"\/index.php\/portfolio\/\" target=\"_self\"  class=\"qbutton  default\" style=\"\">En voir plus<\/a><div class=\"vc_empty_space\"  style=\"height: 150px\" >\n\t<span class=\"vc_empty_space_inner\">\n\t\t<span class=\"empty_space_image\"  ><\/span>\n\t<\/span>\n<\/div><\/div><\/div><\/div><\/div><\/div><\/div>\n<\/div>","protected":false},"excerpt":{"rendered":"Chaque ann\u00e9e, \u00e0 la rentr\u00e9e, la ville de Rillieux-la-Pape aide \u00e0 financer les inscriptions des enfants et adolescents aux activit\u00e9s sportives et culturelles. Voici les campagnes 2022 et 2023. Nous sommes partis sur une communication autour de l'id\u00e9e de \"pourquoi choisir quand on peut faire...","protected":false},"author":1,"featured_media":0,"parent":0,"menu_order":0,"comment_status":"closed","ping_status":"closed","template":"full_width.php","meta":{"footnotes":""},"class_list":["post-8","page","type-page","status-publish","hentry"],"_links":{"self":[{"href":"https:\/\/berangere.malon-bourgeois.fr\/index.php\/wp-json\/wp\/v2\/pages\/8","targetHints":{"allow":["GET"]}}],"collection":[{"href":"https:\/\/berangere.malon-bourgeois.fr\/index.php\/wp-json\/wp\/v2\/pages"}],"about":[{"href":"https:\/\/berangere.malon-bourgeois.fr\/index.php\/wp-json\/wp\/v2\/types\/page"}],"author":[{"embeddable":true,"href":"https:\/\/berangere.malon-bourgeois.fr\/index.php\/wp-json\/wp\/v2\/users\/1"}],"replies":[{"embeddable":true,"href":"https:\/\/berangere.malon-bourgeois.fr\/index.php\/wp-json\/wp\/v2\/comments?post=8"}],"version-history":[{"count":66,"href":"https:\/\/berangere.malon-bourgeois.fr\/index.php\/wp-json\/wp\/v2\/pages\/8\/revisions"}],"predecessor-version":[{"id":558,"href":"https:\/\/berangere.malon-bourgeois.fr\/index.php\/wp-json\/wp\/v2\/pages\/8\/revisions\/558"}],"wp:attachment":[{"href":"https:\/\/berangere.malon-bourgeois.fr\/index.php\/wp-json\/wp\/v2\/media?parent=8"}],"curies":[{"name":"wp","href":"https:\/\/api.w.org\/{rel}","templated":true}]}}